{"id":408,"date":"2020-09-29T21:09:54","date_gmt":"2020-09-29T19:09:54","guid":{"rendered":"https:\/\/www.malescot.com\/home\/"},"modified":"2023-03-03T18:06:59","modified_gmt":"2023-03-03T17:06:59","slug":"home","status":"publish","type":"page","link":"https:\/\/www.malescot.com\/en\/","title":{"rendered":"Home"},"content":{"rendered":"\n\t\t\t<!-- START Home REVOLUTION SLIDER 6.2.23 --><p class=\"rs-p-wp-fix\"><\/p>\n\t\t\t<rs-module-wrap id=\"rev_slider_13_1_wrapper\" data-source=\"gallery\" style=\"background:transparent;padding:0;\">\n\t\t\t\t<rs-module id=\"rev_slider_13_1\" style=\"\" data-version=\"6.2.23\">\n\t\t\t\t\t<rs-slides>\n\t\t\t\t\t\t<rs-slide data-key=\"rs-13\" data-title=\"Slide\" data-anim=\"ei:d;eo:d;s:1000;r:0;t:fade;sl:0;\">\n\t\t\t\t\t\t\t<img loading=\"lazy\" decoding=\"async\" src=\"\/\/www.malescot.com\/file\/2020\/10\/accueil.jpg\" title=\"accueil\" width=\"2560\" height=\"1060\" data-bg=\"p:right center;\" data-parallax=\"14\" class=\"rev-slidebg\" data-no-retina>\n<!--\n\t\t\t\t\t\t\t--><rs-layer\n\t\t\t\t\t\t\t\tid=\"slider-13-slide-13-layer-1\" \n\t\t\t\t\t\t\t\tdata-type=\"text\"\n\t\t\t\t\t\t\t\tdata-rsp_ch=\"on\"\n\t\t\t\t\t\t\t\tdata-xy=\"x:c;y:b;yo:30px,12px,9px,20px;\"\n\t\t\t\t\t\t\t\tdata-text=\"w:normal;s:14,5,4,14;l:25,10,7,25;\"\n\t\t\t\t\t\t\t\tdata-actions='o:click;a:scrollbelow;sp:1000ms;e:power1.inOut;'\n\t\t\t\t\t\t\t\tdata-frame_999=\"o:0;st:w;\"\n\t\t\t\t\t\t\t\tstyle=\"z-index:8;font-family:Montserrat;text-transform:uppercase;\"\n\t\t\t\t\t\t\t>Scroll down \n\t\t\t\t\t\t\t<\/rs-layer><!--\n\n\t\t\t\t\t\t\t--><rs-layer\n\t\t\t\t\t\t\t\tid=\"slider-13-slide-13-layer-2\" \n\t\t\t\t\t\t\t\tclass=\"rev-scroll-btn rev-b-span-light\"\n\t\t\t\t\t\t\t\tdata-type=\"button\"\n\t\t\t\t\t\t\t\tdata-rsp_ch=\"on\"\n\t\t\t\t\t\t\t\tdata-xy=\"x:c;y:b;yo:60px,24px,18px,65px;\"\n\t\t\t\t\t\t\t\tdata-text=\"w:normal;s:17,6,4,4;l:20,8,6,6;ls:1,0,0,0;\"\n\t\t\t\t\t\t\t\tdata-dim=\"w:35px,14px,10px,6px;h:55px,22px,16px,9px;minw:35px,none,none,none;minh:55px,none,none,none;\"\n\t\t\t\t\t\t\t\tdata-actions='o:click;a:scrollbelow;sp:1000ms;e:power1.inOut;'\n\t\t\t\t\t\t\t\tdata-padding=\"t:22,9,7,4;r:14,6,5,3;b:22,9,7,4;l:14,6,5,3;\"\n\t\t\t\t\t\t\t\tdata-border=\"bos:solid;boc:rgba(255,255,255,0.75);bow:3px,3px,3px,3px;bor:23px,23px,23px,23px;\"\n\t\t\t\t\t\t\t\tdata-frame_999=\"o:0;st:w;\"\n\t\t\t\t\t\t\t\tstyle=\"z-index:9;font-family:Roboto;text-transform:uppercase;\"\n\t\t\t\t\t\t\t><span><\/span><span><\/span><span><\/span> \n\t\t\t\t\t\t\t<\/rs-layer><!--\n\n\t\t\t\t\t\t\t--><rs-layer\n\t\t\t\t\t\t\t\tid=\"slider-13-slide-13-layer-5\" \n\t\t\t\t\t\t\t\tdata-type=\"text\"\n\t\t\t\t\t\t\t\tdata-color=\"#fff\"\n\t\t\t\t\t\t\t\tdata-rsp_ch=\"on\"\n\t\t\t\t\t\t\t\tdata-xy=\"x:c;y:m;\"\n\t\t\t\t\t\t\t\tdata-text=\"w:normal;s:50,20,15,14;l:0,6,6,10;ls:8,3,2,2;fw:300;a:center;\"\n\t\t\t\t\t\t\t\tdata-dim=\"minh:0,none,none,none;\"\n\t\t\t\t\t\t\t\tdata-frame_999=\"o:0;st:w;\"\n\t\t\t\t\t\t\t\tstyle=\"z-index:10;font-family:Cormorant;\"\n\t\t\t\t\t\t\t><h1>Ch\u00e2teau Malescot Saint-Exup\u00e9ry<\/h1><h2>1855 Margaux Grand Cru Class\u00e9<\/h2> \n\t\t\t\t\t\t\t<\/rs-layer><!--\n-->\t\t\t\t\t\t<\/rs-slide>\n\t\t\t\t\t<\/rs-slides>\n\t\t\t\t<\/rs-module>\n\t\t\t\t<script type=\"text\/javascript\">\n\t\t\t\t\tsetREVStartSize({c: 'rev_slider_13_1',rl:[1240,1024,778,480],el:[1440,768,960,720],gw:[2560,1024,778,480],gh:[1440,768,960,720],type:'standard',justify:'',layout:'fullscreen',offsetContainer:'',offset:'',mh:\"0\"});\n\t\t\t\t\tvar\trevapi13,\n\t\t\t\t\t\ttpj;\n\t\t\t\t\tfunction revinit_revslider131() {\n\t\t\t\t\tjQuery(function() {\n\t\t\t\t\t\ttpj = jQuery;\n\t\t\t\t\t\trevapi13 = tpj(\"#rev_slider_13_1\");\n\t\t\t\t\t\tif(revapi13==undefined || revapi13.revolution == undefined){\n\t\t\t\t\t\t\trevslider_showDoubleJqueryError(\"rev_slider_13_1\");\n\t\t\t\t\t\t}else{\n\t\t\t\t\t\t\trevapi13.revolution({\n\t\t\t\t\t\t\t\tsliderLayout:\"fullscreen\",\n\t\t\t\t\t\t\t\tdottedOverlay:\"threexthree\",\n\t\t\t\t\t\t\t\tvisibilityLevels:\"1240,1024,778,480\",\n\t\t\t\t\t\t\t\tgridwidth:\"2560,1024,778,480\",\n\t\t\t\t\t\t\t\tgridheight:\"1440,768,960,720\",\n\t\t\t\t\t\t\t\tspinner:\"spinner2\",\n\t\t\t\t\t\t\t\tperspective:600,\n\t\t\t\t\t\t\t\tperspectiveType:\"global\",\n\t\t\t\t\t\t\t\teditorheight:\"1440,768,960,720\",\n\t\t\t\t\t\t\t\tresponsiveLevels:\"1240,1024,778,480\",\n\t\t\t\t\t\t\t\tprogressBar:{disableProgressBar:true},\n\t\t\t\t\t\t\t\tnavigation: {\n\t\t\t\t\t\t\t\t\tonHoverStop:false\n\t\t\t\t\t\t\t\t},\n\t\t\t\t\t\t\t\tparallax: {\n\t\t\t\t\t\t\t\t\tlevels:[5,10,15,20,25,30,35,40,45,46,47,48,49,50,51,30],\n\t\t\t\t\t\t\t\t\ttype:\"scroll\",\n\t\t\t\t\t\t\t\t\torigo:\"slidercenter\",\n\t\t\t\t\t\t\t\t\tspeed:0\n\t\t\t\t\t\t\t\t},\n\t\t\t\t\t\t\t\tfallbacks: {\n\t\t\t\t\t\t\t\t\tallowHTML5AutoPlayOnAndroid:true\n\t\t\t\t\t\t\t\t},\n\t\t\t\t\t\t\t});\n\t\t\t\t\t\t}\n\t\t\t\t\t\t\n\t\t\t\t\t});\n\t\t\t\t\t} \/\/ End of RevInitScript\n\t\t\t\tvar once_revslider131 = false;\n\t\t\t\tif (document.readyState === \"loading\") {document.addEventListener('readystatechange',function() { if((document.readyState === \"interactive\" || document.readyState === \"complete\") && !once_revslider131 ) { once_revslider131 = true; revinit_revslider131();}});} else {once_revslider131 = true; revinit_revslider131();}\n\t\t\t\t<\/script>\n\t\t\t\t<script>\n\t\t\t\t\tvar htmlDivCss = ' #rev_slider_13_1_wrapper rs-loader.spinner2{ background-color: #ffffff !important; } ';\n\t\t\t\t\tvar htmlDiv = document.getElementById('rs-plugin-settings-inline-css');\n\t\t\t\t\tif(htmlDiv) {\n\t\t\t\t\t\thtmlDiv.innerHTML = htmlDiv.innerHTML + htmlDivCss;\n\t\t\t\t\t}else{\n\t\t\t\t\t\tvar htmlDiv = document.createElement('div');\n\t\t\t\t\t\thtmlDiv.innerHTML = '<style>' + htmlDivCss + '<\/style>';\n\t\t\t\t\t\tdocument.getElementsByTagName('head')[0].appendChild(htmlDiv.childNodes[0]);\n\t\t\t\t\t}\n\t\t\t\t<\/script>\n\t\t\t<\/rs-module-wrap>\n\t\t\t<!-- END REVOLUTION SLIDER -->\n\n<div class=\"full item\">\n<div class=\"mid text\" data-aos=\"fade-up\">\n<p class=\"titre\" data-splitting=\"\">Malescot + Saint-Ex.<\/p>\n<p class=\"contenu\">In 1697, Louise Escousses sold the property (the winery) to Master Simon Malescot, adviser to the French monarch Louis XIV for the Bordeaux Parliament. He gave his name to the property.<br \/>\nOn 5 th February 1827, Count Jean-Baptiste de Saint-Exup\u00e9ry, who was the great-grandfather of the French aviator and author Antoine de Saint-Exup\u00e9ry, acquired Ch\u00e2teau Malescot. He decided to enrich the property\u2019s name by adding his own. Jean-Baptiste lived a life beyond his means, and his widow had to sell the property by auction in 1853.<br \/>\nIn 1870, Messrs. Fourcade and Boissac gave Malescot a chateau worthy of the wine\u2019s rank with a winery (\u00e0 enlever les vignes existaient d\u00e9j\u00e0) and cellars that were a model for the other Medoc properties. Nevertheless, they had to come to terms with having to sell it in 1901.<br \/>\nAn uncertain period engendered by a series of successive owners then followed the previous stability.<\/p>\n<\/div>\n<div class=\"mid\" data-aos=\"fade-up\">\n<img loading=\"lazy\" decoding=\"async\" src=\"https:\/\/www.malescot.com\/file\/2020\/10\/malescot_saintexupery.jpg\" alt=\"Malescot Saint Exup\u00e9ry\" width=\"1280\" height=\"1060\" class=\"alignnone size-full wp-image-98\" srcset=\"https:\/\/www.malescot.com\/file\/2020\/10\/malescot_saintexupery.jpg 1280w, https:\/\/www.malescot.com\/file\/2020\/10\/malescot_saintexupery-300x248.jpg 300w, https:\/\/www.malescot.com\/file\/2020\/10\/malescot_saintexupery-1024x848.jpg 1024w, https:\/\/www.malescot.com\/file\/2020\/10\/malescot_saintexupery-768x636.jpg 768w, https:\/\/www.malescot.com\/file\/2020\/10\/malescot_saintexupery-1200x994.jpg 1200w\" sizes=\"auto, (max-width: 709px) 85vw, (max-width: 909px) 67vw, (max-width: 1362px) 62vw, 840px\" \/>\n<\/div>\n<\/div>\n<div class=\"full right item\">\n<div class=\"mid text\" data-aos=\"fade-up\">\n<p class=\"titre\">Zuger 1955<\/p>\n<p class=\"contenu\">On 1 st June 1955, Paul and Roger Zuger acquired the estate, when it had no more than 7 hectares (17 acres). Today the property consists of 28 hectares (69 acres) benefitting from the Margaux appellation. Three generations of the Zuger family have worked in turn to put the estate back on track and restore its reputation. In 1994 Jean- Luc took over from his father Roger.<br \/>\nToday the property is owned by Catherine and Jean-Luc Zuger. Jean-Luc is the general manager and strives to make Malescot Saint-Exup\u00e9ry one of the great names within the Margaux appellation.\n<\/p>\n<\/div>\n<div class=\"mid\" data-aos=\"fade-up\">\n<img loading=\"lazy\" decoding=\"async\" src=\"https:\/\/www.malescot.com\/file\/2020\/10\/zuger1995.jpg\" alt=\"Zuger 1995\" width=\"1280\" height=\"1060\" class=\"alignnone size-full wp-image-94\" srcset=\"https:\/\/www.malescot.com\/file\/2020\/10\/zuger1995.jpg 1280w, https:\/\/www.malescot.com\/file\/2020\/10\/zuger1995-300x248.jpg 300w, https:\/\/www.malescot.com\/file\/2020\/10\/zuger1995-1024x848.jpg 1024w, https:\/\/www.malescot.com\/file\/2020\/10\/zuger1995-768x636.jpg 768w, https:\/\/www.malescot.com\/file\/2020\/10\/zuger1995-1200x994.jpg 1200w\" sizes=\"auto, (max-width: 709px) 85vw, (max-width: 909px) 67vw, (max-width: 1362px) 62vw, 840px\" \/>\n<\/div>\n<\/div>\n<div class=\"full item\">\n<div class=\"mid text\" data-aos=\"fade-up\">\n<p class=\"citation\">\u201cNothing actually belongs to us. We have everything on loan and it\u2019s up to us to keep the story going, learning what we need to hand the property down. For three generations, we have contributed to leaving our modest mark, true to the spirit of the estate, and to promoting the quality of these wines every year.\u201d<\/p>\n<\/div>\n<div class=\"mid\" data-aos=\"fade-up\">\n<img loading=\"lazy\" decoding=\"async\" src=\"https:\/\/www.malescot.com\/file\/2020\/10\/jeanluc_zuger.jpg\" alt=\"Jean-Luc Zuger\" width=\"1280\" height=\"1060\" class=\"alignnone size-full wp-image-97\" srcset=\"https:\/\/www.malescot.com\/file\/2020\/10\/jeanluc_zuger.jpg 1280w, https:\/\/www.malescot.com\/file\/2020\/10\/jeanluc_zuger-300x248.jpg 300w, https:\/\/www.malescot.com\/file\/2020\/10\/jeanluc_zuger-1024x848.jpg 1024w, https:\/\/www.malescot.com\/file\/2020\/10\/jeanluc_zuger-768x636.jpg 768w, https:\/\/www.malescot.com\/file\/2020\/10\/jeanluc_zuger-1200x994.jpg 1200w\" sizes=\"auto, (max-width: 709px) 85vw, (max-width: 909px) 67vw, (max-width: 1362px) 62vw, 840px\" \/><\/p>\n<p class=\"nom\">Jean-Luc Zuger<br \/>\n<em>Owner<\/em><\/p>\n<\/div>\n<\/div>\n","protected":false},"excerpt":{"rendered":"<p>Malescot + Saint-Ex. In 1697, Louise Escousses sold the property (the winery) to Master Simon Malescot, adviser to the French monarch Louis XIV for the Bordeaux Parliament. He gave his name to the property. On 5 th February 1827, Count Jean-Baptiste de Saint-Exup\u00e9ry, who was the great-grandfather of the French aviator and author Antoine de &hellip; <a href=\"https:\/\/www.malescot.com\/en\/\" class=\"more-link\">Continue reading<span class=\"screen-reader-text\"> &#8220;Home&#8221;<\/span><\/a><\/p>\n","protected":false},"author":1,"featured_media":0,"parent":0,"menu_order":0,"comment_status":"closed","ping_status":"open","template":"","meta":{"_acf_changed":false,"footnotes":""},"class_list":["post-408","page","type-page","status-publish","hentry"],"acf":[],"yoast_head":"<!-- This site is optimized with the Yoast SEO plugin v27.5 - https:\/\/yoast.com\/product\/yoast-seo-wordpress\/ -->\n<title>Home - Ch\u00e2teau Malescot Saint-Exup\u00e9ry<\/title>\n<meta name=\"robots\" content=\"index, follow, max-snippet:-1, max-image-preview:large, max-video-preview:-1\" \/>\n<link rel=\"canonical\" href=\"https:\/\/www.malescot.com\/en\/\" \/>\n<meta property=\"og:locale\" content=\"en_US\" \/>\n<meta property=\"og:type\" content=\"article\" \/>\n<meta property=\"og:title\" content=\"Home - Ch\u00e2teau Malescot Saint-Exup\u00e9ry\" \/>\n<meta property=\"og:description\" content=\"Malescot + Saint-Ex. In 1697, Louise Escousses sold the property (the winery) to Master Simon Malescot, adviser to the French monarch Louis XIV for the Bordeaux Parliament. He gave his name to the property. On 5 th February 1827, Count Jean-Baptiste de Saint-Exup\u00e9ry, who was the great-grandfather of the French aviator and author Antoine de &hellip; Continue reading &quot;Home&quot;\" \/>\n<meta property=\"og:url\" content=\"https:\/\/www.malescot.com\/en\/\" \/>\n<meta property=\"og:site_name\" content=\"Ch\u00e2teau Malescot Saint-Exup\u00e9ry\" \/>\n<meta property=\"article:modified_time\" content=\"2023-03-03T17:06:59+00:00\" \/>\n<meta property=\"og:image\" content=\"https:\/\/www.malescot.com\/file\/2020\/10\/malescot_saintexupery.jpg\" \/>\n<meta name=\"twitter:card\" content=\"summary_large_image\" \/>\n<meta name=\"twitter:label1\" content=\"Est. reading time\" \/>\n\t<meta name=\"twitter:data1\" content=\"2 minutes\" \/>\n<script type=\"application\/ld+json\" class=\"yoast-schema-graph\">{\"@context\":\"https:\\\/\\\/schema.org\",\"@graph\":[{\"@type\":\"WebPage\",\"@id\":\"https:\\\/\\\/www.malescot.com\\\/en\\\/\",\"url\":\"https:\\\/\\\/www.malescot.com\\\/en\\\/\",\"name\":\"Home - Ch\u00e2teau Malescot Saint-Exup\u00e9ry\",\"isPartOf\":{\"@id\":\"https:\\\/\\\/www.malescot.com\\\/#website\"},\"primaryImageOfPage\":{\"@id\":\"https:\\\/\\\/www.malescot.com\\\/en\\\/#primaryimage\"},\"image\":{\"@id\":\"https:\\\/\\\/www.malescot.com\\\/en\\\/#primaryimage\"},\"thumbnailUrl\":\"https:\\\/\\\/www.malescot.com\\\/inc\\\/uploads\\\/2020\\\/10\\\/malescot_saintexupery.jpg\",\"datePublished\":\"2020-09-29T19:09:54+00:00\",\"dateModified\":\"2023-03-03T17:06:59+00:00\",\"breadcrumb\":{\"@id\":\"https:\\\/\\\/www.malescot.com\\\/en\\\/#breadcrumb\"},\"inLanguage\":\"en-US\",\"potentialAction\":[{\"@type\":\"ReadAction\",\"target\":[\"https:\\\/\\\/www.malescot.com\\\/en\\\/\"]}]},{\"@type\":\"ImageObject\",\"inLanguage\":\"en-US\",\"@id\":\"https:\\\/\\\/www.malescot.com\\\/en\\\/#primaryimage\",\"url\":\"https:\\\/\\\/www.malescot.com\\\/inc\\\/uploads\\\/2020\\\/10\\\/malescot_saintexupery.jpg\",\"contentUrl\":\"https:\\\/\\\/www.malescot.com\\\/inc\\\/uploads\\\/2020\\\/10\\\/malescot_saintexupery.jpg\"},{\"@type\":\"BreadcrumbList\",\"@id\":\"https:\\\/\\\/www.malescot.com\\\/en\\\/#breadcrumb\",\"itemListElement\":[{\"@type\":\"ListItem\",\"position\":1,\"name\":\"Accueil\",\"item\":\"https:\\\/\\\/www.malescot.com\\\/en\\\/\"},{\"@type\":\"ListItem\",\"position\":2,\"name\":\"Home\"}]},{\"@type\":\"WebSite\",\"@id\":\"https:\\\/\\\/www.malescot.com\\\/#website\",\"url\":\"https:\\\/\\\/www.malescot.com\\\/\",\"name\":\"Ch\u00e2teau Malescot Saint-Exup\u00e9ry\",\"description\":\"3\u00e8me Grand Cru Class\u00e9 de Margaux en 1855\",\"potentialAction\":[{\"@type\":\"SearchAction\",\"target\":{\"@type\":\"EntryPoint\",\"urlTemplate\":\"https:\\\/\\\/www.malescot.com\\\/?s={search_term_string}\"},\"query-input\":{\"@type\":\"PropertyValueSpecification\",\"valueRequired\":true,\"valueName\":\"search_term_string\"}}],\"inLanguage\":\"en-US\"}]}<\/script>\n<!-- \/ Yoast SEO plugin. -->","yoast_head_json":{"title":"Home - Ch\u00e2teau Malescot Saint-Exup\u00e9ry","robots":{"index":"index","follow":"follow","max-snippet":"max-snippet:-1","max-image-preview":"max-image-preview:large","max-video-preview":"max-video-preview:-1"},"canonical":"https:\/\/www.malescot.com\/en\/","og_locale":"en_US","og_type":"article","og_title":"Home - Ch\u00e2teau Malescot Saint-Exup\u00e9ry","og_description":"Malescot + Saint-Ex. In 1697, Louise Escousses sold the property (the winery) to Master Simon Malescot, adviser to the French monarch Louis XIV for the Bordeaux Parliament. He gave his name to the property. On 5 th February 1827, Count Jean-Baptiste de Saint-Exup\u00e9ry, who was the great-grandfather of the French aviator and author Antoine de &hellip; Continue reading \"Home\"","og_url":"https:\/\/www.malescot.com\/en\/","og_site_name":"Ch\u00e2teau Malescot Saint-Exup\u00e9ry","article_modified_time":"2023-03-03T17:06:59+00:00","og_image":[{"url":"https:\/\/www.malescot.com\/file\/2020\/10\/malescot_saintexupery.jpg","type":"","width":"","height":""}],"twitter_card":"summary_large_image","twitter_misc":{"Est. reading time":"2 minutes"},"schema":{"@context":"https:\/\/schema.org","@graph":[{"@type":"WebPage","@id":"https:\/\/www.malescot.com\/en\/","url":"https:\/\/www.malescot.com\/en\/","name":"Home - Ch\u00e2teau Malescot Saint-Exup\u00e9ry","isPartOf":{"@id":"https:\/\/www.malescot.com\/#website"},"primaryImageOfPage":{"@id":"https:\/\/www.malescot.com\/en\/#primaryimage"},"image":{"@id":"https:\/\/www.malescot.com\/en\/#primaryimage"},"thumbnailUrl":"https:\/\/www.malescot.com\/file\/2020\/10\/malescot_saintexupery.jpg","datePublished":"2020-09-29T19:09:54+00:00","dateModified":"2023-03-03T17:06:59+00:00","breadcrumb":{"@id":"https:\/\/www.malescot.com\/en\/#breadcrumb"},"inLanguage":"en-US","potentialAction":[{"@type":"ReadAction","target":["https:\/\/www.malescot.com\/en\/"]}]},{"@type":"ImageObject","inLanguage":"en-US","@id":"https:\/\/www.malescot.com\/en\/#primaryimage","url":"https:\/\/www.malescot.com\/file\/2020\/10\/malescot_saintexupery.jpg","contentUrl":"https:\/\/www.malescot.com\/file\/2020\/10\/malescot_saintexupery.jpg"},{"@type":"BreadcrumbList","@id":"https:\/\/www.malescot.com\/en\/#breadcrumb","itemListElement":[{"@type":"ListItem","position":1,"name":"Accueil","item":"https:\/\/www.malescot.com\/en\/"},{"@type":"ListItem","position":2,"name":"Home"}]},{"@type":"WebSite","@id":"https:\/\/www.malescot.com\/#website","url":"https:\/\/www.malescot.com\/","name":"Ch\u00e2teau Malescot Saint-Exup\u00e9ry","description":"3\u00e8me Grand Cru Class\u00e9 de Margaux en 1855","potentialAction":[{"@type":"SearchAction","target":{"@type":"EntryPoint","urlTemplate":"https:\/\/www.malescot.com\/?s={search_term_string}"},"query-input":{"@type":"PropertyValueSpecification","valueRequired":true,"valueName":"search_term_string"}}],"inLanguage":"en-US"}]}},"_links":{"self":[{"href":"https:\/\/www.malescot.com\/en\/wp-json\/wp\/v2\/pages\/408","targetHints":{"allow":["GET"]}}],"collection":[{"href":"https:\/\/www.malescot.com\/en\/wp-json\/wp\/v2\/pages"}],"about":[{"href":"https:\/\/www.malescot.com\/en\/wp-json\/wp\/v2\/types\/page"}],"author":[{"embeddable":true,"href":"https:\/\/www.malescot.com\/en\/wp-json\/wp\/v2\/users\/1"}],"replies":[{"embeddable":true,"href":"https:\/\/www.malescot.com\/en\/wp-json\/wp\/v2\/comments?post=408"}],"version-history":[{"count":0,"href":"https:\/\/www.malescot.com\/en\/wp-json\/wp\/v2\/pages\/408\/revisions"}],"wp:attachment":[{"href":"https:\/\/www.malescot.com\/en\/wp-json\/wp\/v2\/media?parent=408"}],"curies":[{"name":"wp","href":"https:\/\/api.w.org\/{rel}","templated":true}]}}