{"id":416,"date":"2020-10-13T18:43:48","date_gmt":"2020-10-13T16:43:48","guid":{"rendered":"https:\/\/www.malescot.com\/contact\/"},"modified":"2020-10-13T18:43:48","modified_gmt":"2020-10-13T16:43:48","slug":"contact","status":"publish","type":"page","link":"https:\/\/www.malescot.com\/en\/contact\/","title":{"rendered":"Contact"},"content":{"rendered":"\n\t\t\t<!-- START Contact REVOLUTION SLIDER 6.2.23 --><p class=\"rs-p-wp-fix\"><\/p>\n\t\t\t<rs-module-wrap id=\"rev_slider_2_1_wrapper\" data-source=\"gallery\" style=\"background:transparent;padding:0;\">\n\t\t\t\t<rs-module id=\"rev_slider_2_1\" style=\"\" data-version=\"6.2.23\">\n\t\t\t\t\t<rs-slides>\n\t\t\t\t\t\t<rs-slide data-key=\"rs-2\" data-title=\"Slide\" data-anim=\"ei:d;eo:d;s:1000;r:0;t:fade;sl:0;\">\n\t\t\t\t\t\t\t<img loading=\"lazy\" decoding=\"async\" src=\"\/\/www.malescot.com\/file\/2020\/10\/le_chai.jpg\" title=\"le_chai\" width=\"2560\" height=\"1060\" data-bg=\"p:right center;\" data-parallax=\"14\" class=\"rev-slidebg\" data-no-retina>\n<!--\n\t\t\t\t\t\t\t--><rs-layer\n\t\t\t\t\t\t\t\tid=\"slider-2-slide-2-layer-1\" \n\t\t\t\t\t\t\t\tdata-type=\"text\"\n\t\t\t\t\t\t\t\tdata-rsp_ch=\"on\"\n\t\t\t\t\t\t\t\tdata-xy=\"x:c;y:b;yo:30px,12px,9px,20px;\"\n\t\t\t\t\t\t\t\tdata-text=\"w:normal;s:14,5,4,14;l:25,10,7,25;\"\n\t\t\t\t\t\t\t\tdata-actions='o:click;a:scrollbelow;sp:1000ms;e:power1.inOut;'\n\t\t\t\t\t\t\t\tdata-frame_999=\"o:0;st:w;\"\n\t\t\t\t\t\t\t\tstyle=\"z-index:9;font-family:Montserrat;text-transform:uppercase;\"\n\t\t\t\t\t\t\t>D\u00e9filer pour continuer \n\t\t\t\t\t\t\t<\/rs-layer><!--\n\n\t\t\t\t\t\t\t--><rs-layer\n\t\t\t\t\t\t\t\tid=\"slider-2-slide-2-layer-2\" \n\t\t\t\t\t\t\t\tclass=\"rev-scroll-btn rev-b-span-light\"\n\t\t\t\t\t\t\t\tdata-type=\"button\"\n\t\t\t\t\t\t\t\tdata-rsp_ch=\"on\"\n\t\t\t\t\t\t\t\tdata-xy=\"x:c;y:b;yo:60px,24px,18px,65px;\"\n\t\t\t\t\t\t\t\tdata-text=\"w:normal;s:17,6,4,4;l:20,8,6,6;ls:1,0,0,0;\"\n\t\t\t\t\t\t\t\tdata-dim=\"w:35px,14px,10px,6px;h:55px,22px,16px,9px;minw:35px,none,none,none;minh:55px,none,none,none;\"\n\t\t\t\t\t\t\t\tdata-actions='o:click;a:scrollbelow;sp:1000ms;e:power1.inOut;'\n\t\t\t\t\t\t\t\tdata-padding=\"t:22,9,7,4;r:14,6,5,3;b:22,9,7,4;l:14,6,5,3;\"\n\t\t\t\t\t\t\t\tdata-border=\"bos:solid;boc:rgba(255,255,255,0.75);bow:3px,3px,3px,3px;bor:23px,23px,23px,23px;\"\n\t\t\t\t\t\t\t\tdata-frame_999=\"o:0;st:w;\"\n\t\t\t\t\t\t\t\tstyle=\"z-index:10;font-family:Roboto;text-transform:uppercase;\"\n\t\t\t\t\t\t\t><span><\/span><span><\/span><span><\/span> \n\t\t\t\t\t\t\t<\/rs-layer><!--\n\n\t\t\t\t\t\t\t--><rs-layer\n\t\t\t\t\t\t\t\tid=\"slider-2-slide-2-layer-3\" \n\t\t\t\t\t\t\t\tdata-type=\"text\"\n\t\t\t\t\t\t\t\tdata-rsp_ch=\"on\"\n\t\t\t\t\t\t\t\tdata-xy=\"x:c;y:m;\"\n\t\t\t\t\t\t\t\tdata-text=\"w:normal;s:20,8,6,4;l:25,10,7,6;a:center;\"\n\t\t\t\t\t\t\t\tdata-frame_999=\"o:0;st:w;\"\n\t\t\t\t\t\t\t\tstyle=\"z-index:11;font-family:Roboto;\"\n\t\t\t\t\t\t\t><h1>Contact<\/h1><h2><\/h2> \n\t\t\t\t\t\t\t<\/rs-layer><!--\n-->\t\t\t\t\t\t<\/rs-slide>\n\t\t\t\t\t<\/rs-slides>\n\t\t\t\t<\/rs-module>\n\t\t\t\t<script type=\"text\/javascript\">\n\t\t\t\t\tsetREVStartSize({c: 'rev_slider_2_1',rl:[1240,1024,778,480],el:[1440,768,960,720],gw:[2560,1024,778,480],gh:[1440,768,960,720],type:'standard',justify:'',layout:'fullscreen',offsetContainer:'',offset:'',mh:\"0\"});\n\t\t\t\t\tvar\trevapi2,\n\t\t\t\t\t\ttpj;\n\t\t\t\t\tfunction revinit_revslider21() {\n\t\t\t\t\tjQuery(function() {\n\t\t\t\t\t\ttpj = jQuery;\n\t\t\t\t\t\trevapi2 = tpj(\"#rev_slider_2_1\");\n\t\t\t\t\t\tif(revapi2==undefined || revapi2.revolution == undefined){\n\t\t\t\t\t\t\trevslider_showDoubleJqueryError(\"rev_slider_2_1\");\n\t\t\t\t\t\t}else{\n\t\t\t\t\t\t\trevapi2.revolution({\n\t\t\t\t\t\t\t\tsliderLayout:\"fullscreen\",\n\t\t\t\t\t\t\t\tdottedOverlay:\"threexthree\",\n\t\t\t\t\t\t\t\tvisibilityLevels:\"1240,1024,778,480\",\n\t\t\t\t\t\t\t\tgridwidth:\"2560,1024,778,480\",\n\t\t\t\t\t\t\t\tgridheight:\"1440,768,960,720\",\n\t\t\t\t\t\t\t\tspinner:\"spinner2\",\n\t\t\t\t\t\t\t\tperspective:600,\n\t\t\t\t\t\t\t\tperspectiveType:\"global\",\n\t\t\t\t\t\t\t\teditorheight:\"1440,768,960,720\",\n\t\t\t\t\t\t\t\tresponsiveLevels:\"1240,1024,778,480\",\n\t\t\t\t\t\t\t\tprogressBar:{disableProgressBar:true},\n\t\t\t\t\t\t\t\tnavigation: {\n\t\t\t\t\t\t\t\t\tonHoverStop:false\n\t\t\t\t\t\t\t\t},\n\t\t\t\t\t\t\t\tparallax: {\n\t\t\t\t\t\t\t\t\tlevels:[5,10,15,20,25,30,35,40,45,46,47,48,49,50,51,30],\n\t\t\t\t\t\t\t\t\ttype:\"scroll\",\n\t\t\t\t\t\t\t\t\torigo:\"slidercenter\",\n\t\t\t\t\t\t\t\t\tspeed:0\n\t\t\t\t\t\t\t\t},\n\t\t\t\t\t\t\t\tfallbacks: {\n\t\t\t\t\t\t\t\t\tallowHTML5AutoPlayOnAndroid:true\n\t\t\t\t\t\t\t\t},\n\t\t\t\t\t\t\t});\n\t\t\t\t\t\t}\n\t\t\t\t\t\t\n\t\t\t\t\t});\n\t\t\t\t\t} \/\/ End of RevInitScript\n\t\t\t\tvar once_revslider21 = false;\n\t\t\t\tif (document.readyState === \"loading\") {document.addEventListener('readystatechange',function() { if((document.readyState === \"interactive\" || document.readyState === \"complete\") && !once_revslider21 ) { once_revslider21 = true; revinit_revslider21();}});} else {once_revslider21 = true; revinit_revslider21();}\n\t\t\t\t<\/script>\n\t\t\t\t<script>\n\t\t\t\t\tvar htmlDivCss = ' #rev_slider_2_1_wrapper rs-loader.spinner2{ background-color: #ffffff !important; } ';\n\t\t\t\t\tvar htmlDiv = document.getElementById('rs-plugin-settings-inline-css');\n\t\t\t\t\tif(htmlDiv) {\n\t\t\t\t\t\thtmlDiv.innerHTML = htmlDiv.innerHTML + htmlDivCss;\n\t\t\t\t\t}else{\n\t\t\t\t\t\tvar htmlDiv = document.createElement('div');\n\t\t\t\t\t\thtmlDiv.innerHTML = '<style>' + htmlDivCss + '<\/style>';\n\t\t\t\t\t\tdocument.getElementsByTagName('head')[0].appendChild(htmlDiv.childNodes[0]);\n\t\t\t\t\t}\n\t\t\t\t<\/script>\n\t\t\t<\/rs-module-wrap>\n\t\t\t<!-- END REVOLUTION SLIDER -->\n\n<div class=\"full item contact\" style=\"padding:5%\">\n<div class=\"mid text\" data-aos=\"fade-up\">\n<h3 style=\"margin-bottom:0\">Ch\u00e2teau<br \/>\nMalescot Saint-Exup\u00e9ry<\/h3>\n<p>Grand Cru Class\u00e9 en 1855<\/p>\n<p>16 Rue Georges Mandel<br \/>\n33460 Margaux<\/p>\n<p>\n<a href=\"tel:+33557889720\" target=\"_blank\" rel=\"noopener noreferrer\">T. +33 5 57 88 97 20<\/a><br \/>\n<a href=\"mailto:malescotstexupery@malescot.com\" target=\"_blank\" rel=\"noopener noreferrer\">malescotstexupery@malescot.com<\/a>\n<\/p>\n<\/div>\n<div class=\"mid txt\" data-aos=\"fade-up\">\n<iframe src=\"https:\/\/www.google.com\/maps\/embed?pb=!1m14!1m8!1m3!1d2819.1881631511087!2d-0.6758153981475878!3d45.04140337996221!3m2!1i1024!2i768!4f13.1!3m3!1m2!1s0x0%3A0x3b1c06fb161bd17c!2sChateau%20Malescot%20saint%20exup%C3%A9ry!5e0!3m2!1sfr!2sfr!4v1614948008027!5m2!1sfr!2sfr\" width=\"600\" height=\"450\" style=\"border:0;\" allowfullscreen=\"\" loading=\"lazy\"><\/iframe>\n<\/div>\n<\/div>\n<div class=\"clear\"><\/div>\n","protected":false},"excerpt":{"rendered":"<p>Ch\u00e2teau Malescot Saint-Exup\u00e9ry Grand Cru Class\u00e9 en 1855 16 Rue Georges Mandel 33460 Margaux T. +33 5 57 88 97 20 malescotstexupery@malescot.com<\/p>\n","protected":false},"author":1,"featured_media":0,"parent":0,"menu_order":0,"comment_status":"closed","ping_status":"closed","template":"","meta":{"_acf_changed":false,"footnotes":""},"class_list":["post-416","page","type-page","status-publish","hentry"],"acf":[],"yoast_head":"<!-- This site is optimized with the Yoast SEO plugin v27.4 - https:\/\/yoast.com\/product\/yoast-seo-wordpress\/ -->\n<title>Contact - Ch\u00e2teau Malescot Saint-Exup\u00e9ry<\/title>\n<meta name=\"robots\" content=\"index, follow, max-snippet:-1, max-image-preview:large, max-video-preview:-1\" \/>\n<link rel=\"canonical\" href=\"https:\/\/www.malescot.com\/en\/contact\/\" \/>\n<meta property=\"og:locale\" content=\"en_US\" \/>\n<meta property=\"og:type\" content=\"article\" \/>\n<meta property=\"og:title\" content=\"Contact - Ch\u00e2teau Malescot Saint-Exup\u00e9ry\" \/>\n<meta property=\"og:description\" content=\"Ch\u00e2teau Malescot Saint-Exup\u00e9ry Grand Cru Class\u00e9 en 1855 16 Rue Georges Mandel 33460 Margaux T. +33 5 57 88 97 20 malescotstexupery@malescot.com\" \/>\n<meta property=\"og:url\" content=\"https:\/\/www.malescot.com\/en\/contact\/\" \/>\n<meta property=\"og:site_name\" content=\"Ch\u00e2teau Malescot Saint-Exup\u00e9ry\" \/>\n<meta name=\"twitter:card\" content=\"summary_large_image\" \/>\n<script type=\"application\/ld+json\" class=\"yoast-schema-graph\">{\"@context\":\"https:\\\/\\\/schema.org\",\"@graph\":[{\"@type\":\"WebPage\",\"@id\":\"https:\\\/\\\/www.malescot.com\\\/en\\\/contact\\\/\",\"url\":\"https:\\\/\\\/www.malescot.com\\\/en\\\/contact\\\/\",\"name\":\"Contact - Ch\u00e2teau Malescot Saint-Exup\u00e9ry\",\"isPartOf\":{\"@id\":\"https:\\\/\\\/www.malescot.com\\\/#website\"},\"datePublished\":\"2020-10-13T16:43:48+00:00\",\"breadcrumb\":{\"@id\":\"https:\\\/\\\/www.malescot.com\\\/en\\\/contact\\\/#breadcrumb\"},\"inLanguage\":\"en-US\",\"potentialAction\":[{\"@type\":\"ReadAction\",\"target\":[\"https:\\\/\\\/www.malescot.com\\\/en\\\/contact\\\/\"]}]},{\"@type\":\"BreadcrumbList\",\"@id\":\"https:\\\/\\\/www.malescot.com\\\/en\\\/contact\\\/#breadcrumb\",\"itemListElement\":[{\"@type\":\"ListItem\",\"position\":1,\"name\":\"Accueil\",\"item\":\"https:\\\/\\\/www.malescot.com\\\/en\\\/\"},{\"@type\":\"ListItem\",\"position\":2,\"name\":\"Contact\"}]},{\"@type\":\"WebSite\",\"@id\":\"https:\\\/\\\/www.malescot.com\\\/#website\",\"url\":\"https:\\\/\\\/www.malescot.com\\\/\",\"name\":\"Ch\u00e2teau Malescot Saint-Exup\u00e9ry\",\"description\":\"3\u00e8me Grand Cru Class\u00e9 de Margaux en 1855\",\"potentialAction\":[{\"@type\":\"SearchAction\",\"target\":{\"@type\":\"EntryPoint\",\"urlTemplate\":\"https:\\\/\\\/www.malescot.com\\\/?s={search_term_string}\"},\"query-input\":{\"@type\":\"PropertyValueSpecification\",\"valueRequired\":true,\"valueName\":\"search_term_string\"}}],\"inLanguage\":\"en-US\"}]}<\/script>\n<!-- \/ Yoast SEO plugin. -->","yoast_head_json":{"title":"Contact - Ch\u00e2teau Malescot Saint-Exup\u00e9ry","robots":{"index":"index","follow":"follow","max-snippet":"max-snippet:-1","max-image-preview":"max-image-preview:large","max-video-preview":"max-video-preview:-1"},"canonical":"https:\/\/www.malescot.com\/en\/contact\/","og_locale":"en_US","og_type":"article","og_title":"Contact - Ch\u00e2teau Malescot Saint-Exup\u00e9ry","og_description":"Ch\u00e2teau Malescot Saint-Exup\u00e9ry Grand Cru Class\u00e9 en 1855 16 Rue Georges Mandel 33460 Margaux T. +33 5 57 88 97 20 malescotstexupery@malescot.com","og_url":"https:\/\/www.malescot.com\/en\/contact\/","og_site_name":"Ch\u00e2teau Malescot Saint-Exup\u00e9ry","twitter_card":"summary_large_image","schema":{"@context":"https:\/\/schema.org","@graph":[{"@type":"WebPage","@id":"https:\/\/www.malescot.com\/en\/contact\/","url":"https:\/\/www.malescot.com\/en\/contact\/","name":"Contact - Ch\u00e2teau Malescot Saint-Exup\u00e9ry","isPartOf":{"@id":"https:\/\/www.malescot.com\/#website"},"datePublished":"2020-10-13T16:43:48+00:00","breadcrumb":{"@id":"https:\/\/www.malescot.com\/en\/contact\/#breadcrumb"},"inLanguage":"en-US","potentialAction":[{"@type":"ReadAction","target":["https:\/\/www.malescot.com\/en\/contact\/"]}]},{"@type":"BreadcrumbList","@id":"https:\/\/www.malescot.com\/en\/contact\/#breadcrumb","itemListElement":[{"@type":"ListItem","position":1,"name":"Accueil","item":"https:\/\/www.malescot.com\/en\/"},{"@type":"ListItem","position":2,"name":"Contact"}]},{"@type":"WebSite","@id":"https:\/\/www.malescot.com\/#website","url":"https:\/\/www.malescot.com\/","name":"Ch\u00e2teau Malescot Saint-Exup\u00e9ry","description":"3\u00e8me Grand Cru Class\u00e9 de Margaux en 1855","potentialAction":[{"@type":"SearchAction","target":{"@type":"EntryPoint","urlTemplate":"https:\/\/www.malescot.com\/?s={search_term_string}"},"query-input":{"@type":"PropertyValueSpecification","valueRequired":true,"valueName":"search_term_string"}}],"inLanguage":"en-US"}]}},"_links":{"self":[{"href":"https:\/\/www.malescot.com\/en\/wp-json\/wp\/v2\/pages\/416","targetHints":{"allow":["GET"]}}],"collection":[{"href":"https:\/\/www.malescot.com\/en\/wp-json\/wp\/v2\/pages"}],"about":[{"href":"https:\/\/www.malescot.com\/en\/wp-json\/wp\/v2\/types\/page"}],"author":[{"embeddable":true,"href":"https:\/\/www.malescot.com\/en\/wp-json\/wp\/v2\/users\/1"}],"replies":[{"embeddable":true,"href":"https:\/\/www.malescot.com\/en\/wp-json\/wp\/v2\/comments?post=416"}],"version-history":[{"count":0,"href":"https:\/\/www.malescot.com\/en\/wp-json\/wp\/v2\/pages\/416\/revisions"}],"wp:attachment":[{"href":"https:\/\/www.malescot.com\/en\/wp-json\/wp\/v2\/media?parent=416"}],"curies":[{"name":"wp","href":"https:\/\/api.w.org\/{rel}","templated":true}]}}