{"id":421,"date":"2020-09-29T21:09:54","date_gmt":"2020-09-29T19:09:54","guid":{"rendered":"https:\/\/www.malescot.com\/legal-information\/"},"modified":"2023-03-03T17:59:34","modified_gmt":"2023-03-03T16:59:34","slug":"legal-information","status":"publish","type":"page","link":"https:\/\/www.malescot.com\/en\/legal-information\/","title":{"rendered":"Legal information"},"content":{"rendered":"\n\t\t\t<!-- START legal REVOLUTION SLIDER 6.2.23 --><p class=\"rs-p-wp-fix\"><\/p>\n\t\t\t<rs-module-wrap id=\"rev_slider_9_1_wrapper\" data-source=\"gallery\" style=\"background:transparent;padding:0;\">\n\t\t\t\t<rs-module id=\"rev_slider_9_1\" style=\"\" data-version=\"6.2.23\">\n\t\t\t\t\t<rs-slides>\n\t\t\t\t\t\t<rs-slide data-key=\"rs-9\" data-title=\"Slide\" data-anim=\"ei:d;eo:d;s:1000;r:0;t:fade;sl:0;\">\n\t\t\t\t\t\t\t<img loading=\"lazy\" decoding=\"async\" src=\"\/\/www.malescot.com\/file\/2020\/10\/le_chai.jpg\" title=\"le_chai\" width=\"2560\" height=\"1060\" data-parallax=\"14\" class=\"rev-slidebg\" data-no-retina>\n<!--\n\t\t\t\t\t\t\t--><rs-layer\n\t\t\t\t\t\t\t\tid=\"slider-9-slide-9-layer-1\" \n\t\t\t\t\t\t\t\tdata-type=\"text\"\n\t\t\t\t\t\t\t\tdata-rsp_ch=\"on\"\n\t\t\t\t\t\t\t\tdata-xy=\"x:c;y:b;yo:30px,12px,9px,5px;\"\n\t\t\t\t\t\t\t\tdata-text=\"w:normal;s:14,5,4,4;l:25,10,7,6;\"\n\t\t\t\t\t\t\t\tdata-actions='o:click;a:scrollbelow;sp:1000ms;e:power1.inOut;'\n\t\t\t\t\t\t\t\tdata-frame_999=\"o:0;st:w;\"\n\t\t\t\t\t\t\t\tstyle=\"z-index:9;font-family:Montserrat;text-transform:uppercase;\"\n\t\t\t\t\t\t\t>Scroll down \n\t\t\t\t\t\t\t<\/rs-layer><!--\n\n\t\t\t\t\t\t\t--><rs-layer\n\t\t\t\t\t\t\t\tid=\"slider-9-slide-9-layer-2\" \n\t\t\t\t\t\t\t\tclass=\"rev-scroll-btn rev-b-span-light\"\n\t\t\t\t\t\t\t\tdata-type=\"button\"\n\t\t\t\t\t\t\t\tdata-rsp_ch=\"on\"\n\t\t\t\t\t\t\t\tdata-xy=\"x:c;y:b;yo:60px,24px,18px,11px;\"\n\t\t\t\t\t\t\t\tdata-text=\"w:normal;s:17,6,4,4;l:20,8,6,6;ls:1,0,0,0;\"\n\t\t\t\t\t\t\t\tdata-dim=\"w:35px,14px,10px,6px;h:55px,22px,16px,9px;minw:35px,none,none,none;minh:55px,none,none,none;\"\n\t\t\t\t\t\t\t\tdata-actions='o:click;a:scrollbelow;sp:1000ms;e:power1.inOut;'\n\t\t\t\t\t\t\t\tdata-padding=\"t:22,9,7,4;r:14,6,5,3;b:22,9,7,4;l:14,6,5,3;\"\n\t\t\t\t\t\t\t\tdata-border=\"bos:solid;boc:rgba(255,255,255,0.75);bow:3px,3px,3px,3px;bor:23px,23px,23px,23px;\"\n\t\t\t\t\t\t\t\tdata-frame_999=\"o:0;st:w;\"\n\t\t\t\t\t\t\t\tstyle=\"z-index:10;font-family:Roboto;text-transform:uppercase;\"\n\t\t\t\t\t\t\t><span><\/span><span><\/span><span><\/span> \n\t\t\t\t\t\t\t<\/rs-layer><!--\n\n\t\t\t\t\t\t\t--><rs-layer\n\t\t\t\t\t\t\t\tid=\"slider-9-slide-9-layer-3\" \n\t\t\t\t\t\t\t\tdata-type=\"text\"\n\t\t\t\t\t\t\t\tdata-rsp_ch=\"on\"\n\t\t\t\t\t\t\t\tdata-xy=\"x:c;y:m;\"\n\t\t\t\t\t\t\t\tdata-text=\"w:normal;s:20,8,6,4;l:25,10,7,6;a:center;\"\n\t\t\t\t\t\t\t\tdata-frame_999=\"o:0;st:w;\"\n\t\t\t\t\t\t\t\tstyle=\"z-index:11;font-family:Roboto;\"\n\t\t\t\t\t\t\t><h1>Legal information<\/h1><h2><\/h2> \n\t\t\t\t\t\t\t<\/rs-layer><!--\n-->\t\t\t\t\t\t<\/rs-slide>\n\t\t\t\t\t<\/rs-slides>\n\t\t\t\t<\/rs-module>\n\t\t\t\t<script type=\"text\/javascript\">\n\t\t\t\t\tsetREVStartSize({c: 'rev_slider_9_1',rl:[1240,1024,778,480],el:[1440,768,960,720],gw:[2560,1024,778,480],gh:[1440,768,960,720],type:'standard',justify:'',layout:'fullscreen',offsetContainer:'',offset:'',mh:\"0\"});\n\t\t\t\t\tvar\trevapi9,\n\t\t\t\t\t\ttpj;\n\t\t\t\t\tfunction revinit_revslider91() {\n\t\t\t\t\tjQuery(function() {\n\t\t\t\t\t\ttpj = jQuery;\n\t\t\t\t\t\trevapi9 = tpj(\"#rev_slider_9_1\");\n\t\t\t\t\t\tif(revapi9==undefined || revapi9.revolution == undefined){\n\t\t\t\t\t\t\trevslider_showDoubleJqueryError(\"rev_slider_9_1\");\n\t\t\t\t\t\t}else{\n\t\t\t\t\t\t\trevapi9.revolution({\n\t\t\t\t\t\t\t\tsliderLayout:\"fullscreen\",\n\t\t\t\t\t\t\t\tdottedOverlay:\"threexthree\",\n\t\t\t\t\t\t\t\tvisibilityLevels:\"1240,1024,778,480\",\n\t\t\t\t\t\t\t\tgridwidth:\"2560,1024,778,480\",\n\t\t\t\t\t\t\t\tgridheight:\"1440,768,960,720\",\n\t\t\t\t\t\t\t\tspinner:\"spinner2\",\n\t\t\t\t\t\t\t\tperspective:600,\n\t\t\t\t\t\t\t\tperspectiveType:\"global\",\n\t\t\t\t\t\t\t\teditorheight:\"1440,768,960,720\",\n\t\t\t\t\t\t\t\tresponsiveLevels:\"1240,1024,778,480\",\n\t\t\t\t\t\t\t\tprogressBar:{disableProgressBar:true},\n\t\t\t\t\t\t\t\tnavigation: {\n\t\t\t\t\t\t\t\t\tonHoverStop:false\n\t\t\t\t\t\t\t\t},\n\t\t\t\t\t\t\t\tparallax: {\n\t\t\t\t\t\t\t\t\tlevels:[5,10,15,20,25,30,35,40,45,46,47,48,49,50,51,30],\n\t\t\t\t\t\t\t\t\ttype:\"scroll\",\n\t\t\t\t\t\t\t\t\torigo:\"slidercenter\",\n\t\t\t\t\t\t\t\t\tspeed:0\n\t\t\t\t\t\t\t\t},\n\t\t\t\t\t\t\t\tfallbacks: {\n\t\t\t\t\t\t\t\t\tallowHTML5AutoPlayOnAndroid:true\n\t\t\t\t\t\t\t\t},\n\t\t\t\t\t\t\t});\n\t\t\t\t\t\t}\n\t\t\t\t\t\t\n\t\t\t\t\t});\n\t\t\t\t\t} \/\/ End of RevInitScript\n\t\t\t\tvar once_revslider91 = false;\n\t\t\t\tif (document.readyState === \"loading\") {document.addEventListener('readystatechange',function() { if((document.readyState === \"interactive\" || document.readyState === \"complete\") && !once_revslider91 ) { once_revslider91 = true; revinit_revslider91();}});} else {once_revslider91 = true; revinit_revslider91();}\n\t\t\t\t<\/script>\n\t\t\t\t<script>\n\t\t\t\t\tvar htmlDivCss = ' #rev_slider_9_1_wrapper rs-loader.spinner2{ background-color: #ffffff !important; } ';\n\t\t\t\t\tvar htmlDiv = document.getElementById('rs-plugin-settings-inline-css');\n\t\t\t\t\tif(htmlDiv) {\n\t\t\t\t\t\thtmlDiv.innerHTML = htmlDiv.innerHTML + htmlDivCss;\n\t\t\t\t\t}else{\n\t\t\t\t\t\tvar htmlDiv = document.createElement('div');\n\t\t\t\t\t\thtmlDiv.innerHTML = '<style>' + htmlDivCss + '<\/style>';\n\t\t\t\t\t\tdocument.getElementsByTagName('head')[0].appendChild(htmlDiv.childNodes[0]);\n\t\t\t\t\t}\n\t\t\t\t<\/script>\n\t\t\t<\/rs-module-wrap>\n\t\t\t<!-- END REVOLUTION SLIDER -->\n\n<div class=\"max item\" style=\"padding:5%\" data-aos=\"fade-up\">\n<h1>Credits<\/h1>\n<p>Website design: <a href=\"https:\/\/www.lasuite-atelier.com\/\" target=\"_blank\" rel=\"noopener noreferrer\">Lasuite Atelier<\/a><br \/>\nHosting: OVH SAS, 2 rue Kellermann, 59 100 Roubaix, France <br \/>\nPhotos: J\u00e9rome Mondi\u00e8re &#8211; L\u00e9a Zuger<br \/>\nEditor: Jean-Luc Zuger<\/p>\n<h2>Responsabilities<\/h2>\n<p>The website user hereby declares that they have consulted these conditions of use and undertakes to respect said conditions. <br \/>\nThe user of the website \u201cwww.malescot.com\u201d hereby declares that they have the necessary skills and means to access this website and use it. <br \/>\nThe user of the website \u201cwww.malescot.com\u201d hereby declares that they have checked that the IT device used contains no viruses and functions perfectly. <br \/>\nWe do everything possible to offer users available and checked information and\/or tools, but cannot be held responsible for errors, unavailable functional features and\/or any viruses that may be present on the website. <br \/>\nThe information provided by Ch\u00e2teau Malescot Saint-Exup\u00e9ry is for indicative purposes only and the user must carry out further analysis of their own. <br \/>\nWe cannot guarantee that the information displayed on our website is correct, complete or up to date. As a result, the user hereby declares that they use this information under their exclusive responsibility.<\/p>\n<h2>Legal age to consume alcoholic beverages<\/h2>\n<p>To be able to browse this website, you must be of legal age required to drink, defined by the legislation of your country. If you are below this age, please leave this website. <br \/>\nIf you are the required age, please enjoy our products responsibly.<\/p>\n<h2>Countries with restrictions<\/h2>\n<p>In certain countries, it is forbidden to browse websites such as ours, because local laws prohibit the sale and\/or promotion of alcoholic beverages. <br \/>\nIf you browse this website from a country where such restrictions apply, please disconnect immediately. <br \/>\nIf you are unaware of the requirements of the law in your country with regard to these questions, we recommend that you leave the website and check up on what you are allowed to do before returning.<\/p>\n<h2>Intellectual property rights<\/h2>\n<p>The general design of this website and its texts, images, videos, sounds, expertise and all other components are the exclusive property of Ch\u00e2teau Malescot Saint-Exup\u00e9ry and\/or its suppliers. <br \/>\nThe entirety of this website is covered by French legislation on copyright and intellectual property. <br \/>\nThe same applies to the databases on this website produced by Ch\u00e2teau Malescot Saint-Exup\u00e9ry: they are protected by the French law dated 1 st July 1998 (Article L112-3). <br \/>\nAny reproduction of part of this website or its entirety (other than what is technically necessary to browse it) on any form of electronic medium is expressly forbidden. <br \/>\nReproducing a component of this website on paper is authorised, as long as the following two conditions are observed: <br \/>\n\u2013 the integrity of the documents reproduced must be preserved: no modification or change of any kind <br \/>\n\u2013 the source must be clearly and legibly referenced in the following way, for example: \u201cThis document comes from the website www.malescot.com. All rights of reproduction reserved and strictly limited.\u201d <br \/>\nThe website\u2019s URL, \u201cwww.malescot.com\u201d, must always appear in the reference. <br \/>\nAny use of this website\u2019s content that is not in compliance with these requirements will be deemed to be fraudulent as defined in Article 335-2 of the French code of Intellectual Property.<br \/>\nOther than civil liability claims for damages, such fraudulent use of the website\u2019s content can be prosecuted criminally and face a fine of up to \u20ac300,000 euros and\/or 3 years in prison. <br \/>\nFor other uses, please contact us. <br \/>\nAll hypertext links to the www.malescot.com website from other resources on the Internet, must be first expressly authorised in writing by Ch\u00e2teau Malescot Saint-Exup\u00e9ry.<br \/>\nTo this end, please get in touch with us. Ch\u00e2teau Malescot Saint-Exup\u00e9ry declines all liability relative to the content of websites to which links may connect from the \u201cwww.malescot.com\u201d website.<\/p>\n<h2>Protection of personal data<\/h2>\n<p>In compliance with Article 34 of French law no. 78-17 dated 6 th January 1978 relating to information technology, data storage and individual freedom, any user, who may have deposited information on the website that is directly or indirectly connected to their name, can ask the website administrator to communicate said personal information concerning them and have it corrected or deleted as appropriate, by contacting Ch\u00e2teau Malescot Saint-Exup\u00e9ry. <br \/>\nAny information given is exclusively used by the Ch\u00e2teau Malescot Saint-Exup\u00e9ry customer, sales and advertising &amp; promotion departments, and is in no circumstances communicated to third parties.<br \/>\nYou have the right to access, correct, oppose and delete the data about you. You are able to exercise this right directly at any time by answering the emails that are sent to you by Ch\u00e2teau Malescot Saint-Exup\u00e9ry using the following email address: <a href=\"mailto:malescotstexupery@malescot.com\" target=\"_blank\" rel=\"noopener\">malescotstexupery@malescot.com<\/a>. Alternatively you can send a letter to the people in charge of processing your data at the following postal address: Ch\u00e2teau Malescot Saint- Exup\u00e9ry, 16 Rue Georges Mandel, 33460 Margaux, France. Please remember to indicate your e-mail address.<br \/>\nIf you believe that your rights have been violated, or if we fail to respond, you may lodge a complaint with the French National Commission for Information Technology and Liberties (CNIL). CNIL declaration form no. 1276250.<\/p>\n<p><h2>Cookies<\/h2>\n<p>Cookies are indicators copied from our website onto the hard disk of your computer. Their only purpose is to make browsing easier, when you return to our website. <br \/>\nOur website www. malescot.com may use cookie technology to:<br \/>\n\u2013 make statistics on how the website is browsed. <br \/>\n\u2013 to ensure that certain applications of the site work, for which cookies are required. <br \/>\nYour entitlement to oppose the use of information about you enables you to prevent these cookies from being saved to your hard disk, by changing the settings of your web browser.<\/p>\n<\/div>\n","protected":false},"excerpt":{"rendered":"<p>Credits Website design: Lasuite Atelier Hosting: OVH SAS, 2 rue Kellermann, 59 100 Roubaix, France Photos: J\u00e9rome Mondi\u00e8re &#8211; L\u00e9a Zuger Editor: Jean-Luc Zuger Responsabilities The website user hereby declares that they have consulted these conditions of use and undertakes to respect said conditions. The user of the website \u201cwww.malescot.com\u201d hereby declares that they have &hellip; <a href=\"https:\/\/www.malescot.com\/en\/legal-information\/\" class=\"more-link\">Continue reading<span class=\"screen-reader-text\"> &#8220;Legal information&#8221;<\/span><\/a><\/p>\n","protected":false},"author":1,"featured_media":0,"parent":0,"menu_order":0,"comment_status":"closed","ping_status":"open","template":"","meta":{"_acf_changed":false,"footnotes":""},"class_list":["post-421","page","type-page","status-publish","hentry"],"acf":[],"yoast_head":"<!-- This site is optimized with the Yoast SEO plugin v27.5 - https:\/\/yoast.com\/product\/yoast-seo-wordpress\/ -->\n<title>Legal information - Ch\u00e2teau Malescot Saint-Exup\u00e9ry<\/title>\n<meta name=\"robots\" content=\"index, follow, max-snippet:-1, max-image-preview:large, max-video-preview:-1\" \/>\n<link rel=\"canonical\" href=\"https:\/\/www.malescot.com\/en\/legal-information\/\" \/>\n<meta property=\"og:locale\" content=\"en_US\" \/>\n<meta property=\"og:type\" content=\"article\" \/>\n<meta property=\"og:title\" content=\"Legal information - Ch\u00e2teau Malescot Saint-Exup\u00e9ry\" \/>\n<meta property=\"og:description\" content=\"Credits Website design: Lasuite Atelier Hosting: OVH SAS, 2 rue Kellermann, 59 100 Roubaix, France Photos: J\u00e9rome Mondi\u00e8re &#8211; L\u00e9a Zuger Editor: Jean-Luc Zuger Responsabilities The website user hereby declares that they have consulted these conditions of use and undertakes to respect said conditions. The user of the website \u201cwww.malescot.com\u201d hereby declares that they have &hellip; Continue reading &quot;Legal information&quot;\" \/>\n<meta property=\"og:url\" content=\"https:\/\/www.malescot.com\/en\/legal-information\/\" \/>\n<meta property=\"og:site_name\" content=\"Ch\u00e2teau Malescot Saint-Exup\u00e9ry\" \/>\n<meta property=\"article:modified_time\" content=\"2023-03-03T16:59:34+00:00\" \/>\n<meta name=\"twitter:card\" content=\"summary_large_image\" \/>\n<meta name=\"twitter:label1\" content=\"Est. reading time\" \/>\n\t<meta name=\"twitter:data1\" content=\"5 minutes\" \/>\n<script type=\"application\/ld+json\" class=\"yoast-schema-graph\">{\"@context\":\"https:\\\/\\\/schema.org\",\"@graph\":[{\"@type\":\"WebPage\",\"@id\":\"https:\\\/\\\/www.malescot.com\\\/en\\\/legal-information\\\/\",\"url\":\"https:\\\/\\\/www.malescot.com\\\/en\\\/legal-information\\\/\",\"name\":\"Legal information - Ch\u00e2teau Malescot Saint-Exup\u00e9ry\",\"isPartOf\":{\"@id\":\"https:\\\/\\\/www.malescot.com\\\/#website\"},\"datePublished\":\"2020-09-29T19:09:54+00:00\",\"dateModified\":\"2023-03-03T16:59:34+00:00\",\"breadcrumb\":{\"@id\":\"https:\\\/\\\/www.malescot.com\\\/en\\\/legal-information\\\/#breadcrumb\"},\"inLanguage\":\"en-US\",\"potentialAction\":[{\"@type\":\"ReadAction\",\"target\":[\"https:\\\/\\\/www.malescot.com\\\/en\\\/legal-information\\\/\"]}]},{\"@type\":\"BreadcrumbList\",\"@id\":\"https:\\\/\\\/www.malescot.com\\\/en\\\/legal-information\\\/#breadcrumb\",\"itemListElement\":[{\"@type\":\"ListItem\",\"position\":1,\"name\":\"Accueil\",\"item\":\"https:\\\/\\\/www.malescot.com\\\/en\\\/\"},{\"@type\":\"ListItem\",\"position\":2,\"name\":\"Legal information\"}]},{\"@type\":\"WebSite\",\"@id\":\"https:\\\/\\\/www.malescot.com\\\/#website\",\"url\":\"https:\\\/\\\/www.malescot.com\\\/\",\"name\":\"Ch\u00e2teau Malescot Saint-Exup\u00e9ry\",\"description\":\"3\u00e8me Grand Cru Class\u00e9 de Margaux en 1855\",\"potentialAction\":[{\"@type\":\"SearchAction\",\"target\":{\"@type\":\"EntryPoint\",\"urlTemplate\":\"https:\\\/\\\/www.malescot.com\\\/?s={search_term_string}\"},\"query-input\":{\"@type\":\"PropertyValueSpecification\",\"valueRequired\":true,\"valueName\":\"search_term_string\"}}],\"inLanguage\":\"en-US\"}]}<\/script>\n<!-- \/ Yoast SEO plugin. -->","yoast_head_json":{"title":"Legal information - Ch\u00e2teau Malescot Saint-Exup\u00e9ry","robots":{"index":"index","follow":"follow","max-snippet":"max-snippet:-1","max-image-preview":"max-image-preview:large","max-video-preview":"max-video-preview:-1"},"canonical":"https:\/\/www.malescot.com\/en\/legal-information\/","og_locale":"en_US","og_type":"article","og_title":"Legal information - Ch\u00e2teau Malescot Saint-Exup\u00e9ry","og_description":"Credits Website design: Lasuite Atelier Hosting: OVH SAS, 2 rue Kellermann, 59 100 Roubaix, France Photos: J\u00e9rome Mondi\u00e8re &#8211; L\u00e9a Zuger Editor: Jean-Luc Zuger Responsabilities The website user hereby declares that they have consulted these conditions of use and undertakes to respect said conditions. The user of the website \u201cwww.malescot.com\u201d hereby declares that they have &hellip; Continue reading \"Legal information\"","og_url":"https:\/\/www.malescot.com\/en\/legal-information\/","og_site_name":"Ch\u00e2teau Malescot Saint-Exup\u00e9ry","article_modified_time":"2023-03-03T16:59:34+00:00","twitter_card":"summary_large_image","twitter_misc":{"Est. reading time":"5 minutes"},"schema":{"@context":"https:\/\/schema.org","@graph":[{"@type":"WebPage","@id":"https:\/\/www.malescot.com\/en\/legal-information\/","url":"https:\/\/www.malescot.com\/en\/legal-information\/","name":"Legal information - Ch\u00e2teau Malescot Saint-Exup\u00e9ry","isPartOf":{"@id":"https:\/\/www.malescot.com\/#website"},"datePublished":"2020-09-29T19:09:54+00:00","dateModified":"2023-03-03T16:59:34+00:00","breadcrumb":{"@id":"https:\/\/www.malescot.com\/en\/legal-information\/#breadcrumb"},"inLanguage":"en-US","potentialAction":[{"@type":"ReadAction","target":["https:\/\/www.malescot.com\/en\/legal-information\/"]}]},{"@type":"BreadcrumbList","@id":"https:\/\/www.malescot.com\/en\/legal-information\/#breadcrumb","itemListElement":[{"@type":"ListItem","position":1,"name":"Accueil","item":"https:\/\/www.malescot.com\/en\/"},{"@type":"ListItem","position":2,"name":"Legal information"}]},{"@type":"WebSite","@id":"https:\/\/www.malescot.com\/#website","url":"https:\/\/www.malescot.com\/","name":"Ch\u00e2teau Malescot Saint-Exup\u00e9ry","description":"3\u00e8me Grand Cru Class\u00e9 de Margaux en 1855","potentialAction":[{"@type":"SearchAction","target":{"@type":"EntryPoint","urlTemplate":"https:\/\/www.malescot.com\/?s={search_term_string}"},"query-input":{"@type":"PropertyValueSpecification","valueRequired":true,"valueName":"search_term_string"}}],"inLanguage":"en-US"}]}},"_links":{"self":[{"href":"https:\/\/www.malescot.com\/en\/wp-json\/wp\/v2\/pages\/421","targetHints":{"allow":["GET"]}}],"collection":[{"href":"https:\/\/www.malescot.com\/en\/wp-json\/wp\/v2\/pages"}],"about":[{"href":"https:\/\/www.malescot.com\/en\/wp-json\/wp\/v2\/types\/page"}],"author":[{"embeddable":true,"href":"https:\/\/www.malescot.com\/en\/wp-json\/wp\/v2\/users\/1"}],"replies":[{"embeddable":true,"href":"https:\/\/www.malescot.com\/en\/wp-json\/wp\/v2\/comments?post=421"}],"version-history":[{"count":0,"href":"https:\/\/www.malescot.com\/en\/wp-json\/wp\/v2\/pages\/421\/revisions"}],"wp:attachment":[{"href":"https:\/\/www.malescot.com\/en\/wp-json\/wp\/v2\/media?parent=421"}],"curies":[{"name":"wp","href":"https:\/\/api.w.org\/{rel}","templated":true}]}}