{"id":433,"date":"2020-10-14T17:52:05","date_gmt":"2020-10-14T15:52:05","guid":{"rendered":"https:\/\/www.malescot.com\/?page_id=433"},"modified":"2023-03-03T18:06:20","modified_gmt":"2023-03-03T17:06:20","slug":"winegrowing-making","status":"publish","type":"page","link":"https:\/\/www.malescot.com\/en\/winegrowing-making\/","title":{"rendered":"Growing &amp; Making the wines"},"content":{"rendered":"\n\t\t\t<!-- START growing REVOLUTION SLIDER 6.2.23 --><p class=\"rs-p-wp-fix\"><\/p>\n\t\t\t<rs-module-wrap id=\"rev_slider_12_1_wrapper\" data-source=\"gallery\" style=\"background:transparent;padding:0;\">\n\t\t\t\t<rs-module id=\"rev_slider_12_1\" style=\"\" data-version=\"6.2.23\">\n\t\t\t\t\t<rs-slides>\n\t\t\t\t\t\t<rs-slide data-key=\"rs-12\" data-title=\"Slide\" data-anim=\"ei:d;eo:d;s:1000;r:0;t:fade;sl:0;\">\n\t\t\t\t\t\t\t<img loading=\"lazy\" decoding=\"async\" src=\"\/\/www.malescot.com\/file\/2021\/04\/terroir-vinification-header.jpg\" title=\"terroir-vinification-header\" width=\"2560\" height=\"1600\" data-parallax=\"14\" class=\"rev-slidebg\" data-no-retina>\n<!--\n\t\t\t\t\t\t\t--><rs-layer\n\t\t\t\t\t\t\t\tid=\"slider-12-slide-12-layer-1\" \n\t\t\t\t\t\t\t\tdata-type=\"text\"\n\t\t\t\t\t\t\t\tdata-rsp_ch=\"on\"\n\t\t\t\t\t\t\t\tdata-xy=\"x:c;y:b;yo:30px,12px,9px,20px;\"\n\t\t\t\t\t\t\t\tdata-text=\"w:normal;s:14,5,4,14;l:25,10,7,20;\"\n\t\t\t\t\t\t\t\tdata-actions='o:click;a:scrollbelow;sp:1000ms;e:power1.inOut;'\n\t\t\t\t\t\t\t\tdata-frame_999=\"o:0;st:w;\"\n\t\t\t\t\t\t\t\tstyle=\"z-index:9;font-family:Montserrat;text-transform:uppercase;\"\n\t\t\t\t\t\t\t>Scroll down \n\t\t\t\t\t\t\t<\/rs-layer><!--\n\n\t\t\t\t\t\t\t--><rs-layer\n\t\t\t\t\t\t\t\tid=\"slider-12-slide-12-layer-2\" \n\t\t\t\t\t\t\t\tclass=\"rev-scroll-btn rev-b-span-light\"\n\t\t\t\t\t\t\t\tdata-type=\"button\"\n\t\t\t\t\t\t\t\tdata-rsp_ch=\"on\"\n\t\t\t\t\t\t\t\tdata-xy=\"x:c;y:b;yo:60px,24px,18px,65px;\"\n\t\t\t\t\t\t\t\tdata-text=\"w:normal;s:17,6,4,4;l:20,8,6,6;ls:1,0,0,0;\"\n\t\t\t\t\t\t\t\tdata-dim=\"w:35px,14px,10px,6px;h:55px,22px,16px,9px;minw:35px,none,none,none;minh:55px,none,none,none;\"\n\t\t\t\t\t\t\t\tdata-actions='o:click;a:scrollbelow;sp:1000ms;e:power1.inOut;'\n\t\t\t\t\t\t\t\tdata-padding=\"t:22,9,7,4;r:14,6,5,3;b:22,9,7,4;l:14,6,5,3;\"\n\t\t\t\t\t\t\t\tdata-border=\"bos:solid;boc:rgba(255,255,255,0.75);bow:3px,3px,3px,3px;bor:23px,23px,23px,23px;\"\n\t\t\t\t\t\t\t\tdata-frame_999=\"o:0;st:w;\"\n\t\t\t\t\t\t\t\tstyle=\"z-index:10;font-family:Roboto;text-transform:uppercase;\"\n\t\t\t\t\t\t\t><span><\/span><span><\/span><span><\/span> \n\t\t\t\t\t\t\t<\/rs-layer><!--\n\n\t\t\t\t\t\t\t--><rs-layer\n\t\t\t\t\t\t\t\tid=\"slider-12-slide-12-layer-3\" \n\t\t\t\t\t\t\t\tdata-type=\"text\"\n\t\t\t\t\t\t\t\tdata-rsp_ch=\"on\"\n\t\t\t\t\t\t\t\tdata-xy=\"x:c;y:m;\"\n\t\t\t\t\t\t\t\tdata-text=\"w:normal;s:20,8,6,15;l:25,10,7,22;a:center;\"\n\t\t\t\t\t\t\t\tdata-frame_0=\"x:0,0,0,0px;y:0,0,0,0px;\"\n\t\t\t\t\t\t\t\tdata-frame_1=\"x:0,0,0,0px;y:0,0,0,0px;\"\n\t\t\t\t\t\t\t\tdata-frame_999=\"o:0;st:w;\"\n\t\t\t\t\t\t\t\tstyle=\"z-index:11;font-family:Roboto;\"\n\t\t\t\t\t\t\t><h1>Growing and making the wines<\/h1><h2>The spirit of Malescot Saint-Exup\u00e9ry<\/h2> \n\t\t\t\t\t\t\t<\/rs-layer><!--\n-->\t\t\t\t\t\t<\/rs-slide>\n\t\t\t\t\t<\/rs-slides>\n\t\t\t\t<\/rs-module>\n\t\t\t\t<script type=\"text\/javascript\">\n\t\t\t\t\tsetREVStartSize({c: 'rev_slider_12_1',rl:[1240,1024,778,480],el:[1440,768,960,720],gw:[2560,1024,778,480],gh:[1440,768,960,720],type:'standard',justify:'',layout:'fullscreen',offsetContainer:'',offset:'',mh:\"0\"});\n\t\t\t\t\tvar\trevapi12,\n\t\t\t\t\t\ttpj;\n\t\t\t\t\tfunction revinit_revslider121() {\n\t\t\t\t\tjQuery(function() {\n\t\t\t\t\t\ttpj = jQuery;\n\t\t\t\t\t\trevapi12 = tpj(\"#rev_slider_12_1\");\n\t\t\t\t\t\tif(revapi12==undefined || revapi12.revolution == undefined){\n\t\t\t\t\t\t\trevslider_showDoubleJqueryError(\"rev_slider_12_1\");\n\t\t\t\t\t\t}else{\n\t\t\t\t\t\t\trevapi12.revolution({\n\t\t\t\t\t\t\t\tsliderLayout:\"fullscreen\",\n\t\t\t\t\t\t\t\tdottedOverlay:\"threexthree\",\n\t\t\t\t\t\t\t\tvisibilityLevels:\"1240,1024,778,480\",\n\t\t\t\t\t\t\t\tgridwidth:\"2560,1024,778,480\",\n\t\t\t\t\t\t\t\tgridheight:\"1440,768,960,720\",\n\t\t\t\t\t\t\t\tspinner:\"spinner2\",\n\t\t\t\t\t\t\t\tperspective:600,\n\t\t\t\t\t\t\t\tperspectiveType:\"global\",\n\t\t\t\t\t\t\t\teditorheight:\"1440,768,960,720\",\n\t\t\t\t\t\t\t\tresponsiveLevels:\"1240,1024,778,480\",\n\t\t\t\t\t\t\t\tprogressBar:{disableProgressBar:true},\n\t\t\t\t\t\t\t\tnavigation: {\n\t\t\t\t\t\t\t\t\tonHoverStop:false\n\t\t\t\t\t\t\t\t},\n\t\t\t\t\t\t\t\tparallax: {\n\t\t\t\t\t\t\t\t\tlevels:[5,10,15,20,25,30,35,40,45,46,47,48,49,50,51,30],\n\t\t\t\t\t\t\t\t\ttype:\"scroll\",\n\t\t\t\t\t\t\t\t\torigo:\"slidercenter\",\n\t\t\t\t\t\t\t\t\tspeed:0\n\t\t\t\t\t\t\t\t},\n\t\t\t\t\t\t\t\tfallbacks: {\n\t\t\t\t\t\t\t\t\tallowHTML5AutoPlayOnAndroid:true\n\t\t\t\t\t\t\t\t},\n\t\t\t\t\t\t\t});\n\t\t\t\t\t\t}\n\t\t\t\t\t\t\n\t\t\t\t\t});\n\t\t\t\t\t} \/\/ End of RevInitScript\n\t\t\t\tvar once_revslider121 = false;\n\t\t\t\tif (document.readyState === \"loading\") {document.addEventListener('readystatechange',function() { if((document.readyState === \"interactive\" || document.readyState === \"complete\") && !once_revslider121 ) { once_revslider121 = true; revinit_revslider121();}});} else {once_revslider121 = true; revinit_revslider121();}\n\t\t\t\t<\/script>\n\t\t\t\t<script>\n\t\t\t\t\tvar htmlDivCss = ' #rev_slider_12_1_wrapper rs-loader.spinner2{ background-color: #ffffff !important; } ';\n\t\t\t\t\tvar htmlDiv = document.getElementById('rs-plugin-settings-inline-css');\n\t\t\t\t\tif(htmlDiv) {\n\t\t\t\t\t\thtmlDiv.innerHTML = htmlDiv.innerHTML + htmlDivCss;\n\t\t\t\t\t}else{\n\t\t\t\t\t\tvar htmlDiv = document.createElement('div');\n\t\t\t\t\t\thtmlDiv.innerHTML = '<style>' + htmlDivCss + '<\/style>';\n\t\t\t\t\t\tdocument.getElementsByTagName('head')[0].appendChild(htmlDiv.childNodes[0]);\n\t\t\t\t\t}\n\t\t\t\t<\/script>\n\t\t\t<\/rs-module-wrap>\n\t\t\t<!-- END REVOLUTION SLIDER -->\n\n<div class=\"full item\">\n<div class=\"mid text\" data-aos=\"fade-up\">\n<p class=\"titre\">Crafting four grape varieties into a great wine<\/p>\n<p class=\"contenu\">Malescot is blended from four grape varieties: Cabernet Sauvignon, Merlot, Cabernet Franc and Petit Verdot. They all fully express their own unique characteristics and how they blend together so perfectly.<br \/>\nThey are grown in various parts of the vineyard, depending on the different soil structures and types. Cabernet Sauvignon and Merlot account for 50% and 35% respectively of the vineyard. Cabernet Franc covers 10% of the estate and Petit Verdot just 5%. They both add to the depth of the wine\u2019s aromas and its density. <\/p>\n<\/div>\n<div class=\"mid\" data-aos=\"fade-up\">\n<img loading=\"lazy\" decoding=\"async\" src=\"https:\/\/www.malescot.com\/file\/2021\/03\/cepages.jpg\" alt=\"Grape varieties Malescot Saint-Exupery\" width=\"1280\" height=\"1060\" class=\"alignnone size-full wp-image-265\" srcset=\"https:\/\/www.malescot.com\/file\/2021\/03\/cepages.jpg 1280w, https:\/\/www.malescot.com\/file\/2021\/03\/cepages-300x248.jpg 300w, https:\/\/www.malescot.com\/file\/2021\/03\/cepages-1024x848.jpg 1024w, https:\/\/www.malescot.com\/file\/2021\/03\/cepages-768x636.jpg 768w, https:\/\/www.malescot.com\/file\/2021\/03\/cepages-1200x994.jpg 1200w\" sizes=\"auto, (max-width: 709px) 85vw, (max-width: 909px) 67vw, (max-width: 1362px) 62vw, 840px\" \/>\n<\/div>\n<\/div>\n<div class=\"full right item\">\n<div class=\"mid text\" data-aos=\"fade-up\">\n<p class=\"titre\">28 hectares (69 acres) of Margaux <\/p>\n<p class=\"contenu\">The estate has HVE certification. (High Environmental Value) . We adhere to rational agricultural practices and use biocontrol methods as a way of improving our environmental principles. The estate consists of 28 hectares (69 acres) within the Margaux appellation area. Every hectare receives the same meticulous attention.<\/p>\n<\/div>\n<div class=\"mid\" data-aos=\"fade-up\">\n<img loading=\"lazy\" decoding=\"async\" src=\"https:\/\/www.malescot.com\/file\/2021\/04\/margaux2.jpg\" alt=\"Margaux\" width=\"1280\" height=\"1060\" class=\"alignnone size-full wp-image-305\" srcset=\"https:\/\/www.malescot.com\/file\/2021\/04\/margaux2.jpg 1280w, https:\/\/www.malescot.com\/file\/2021\/04\/margaux2-300x248.jpg 300w, https:\/\/www.malescot.com\/file\/2021\/04\/margaux2-1024x848.jpg 1024w, https:\/\/www.malescot.com\/file\/2021\/04\/margaux2-768x636.jpg 768w, https:\/\/www.malescot.com\/file\/2021\/04\/margaux2-1200x994.jpg 1200w\" sizes=\"auto, (max-width: 709px) 85vw, (max-width: 909px) 67vw, (max-width: 1362px) 62vw, 840px\" \/>\n<\/div>\n<\/div>\n<div class=\"full item\">\n<div class=\"mid text\" data-aos=\"fade-up\">\n<p class=\"titre\">The Malescot style<\/p>\n<p class=\"contenu\">The fruit is hand-picked and transported in crates. We make the wine with as few additional ingredients as possible. It is aged on the lees in barrels, 70% of which are new. We stir the barrels regularly. We add no extra yeast, the wine is not fined or filtered and is racked only once during ageing. We do batonn\u00e2ge sur lies, the wine is unyeasted, unfined, unfiltered and we rack only once during the ageing.<br \/>\nWe age the wine in barrels for 12 to 14 months. The final wine is blended differently every year, as we strive to highlight what makes Malescot unique. unique. It is a point of honour for us to make at least 70% of the harvest into the main wine.<\/p>\n<\/div>\n<div class=\"mid\" data-aos=\"fade-up\">\n<img loading=\"lazy\" decoding=\"async\" src=\"https:\/\/www.malescot.com\/file\/2020\/10\/marie_khan-caballier.jpg\" alt=\"Marie Khan-Chaballier\" width=\"1280\" height=\"1060\" class=\"alignnone size-full wp-image-104\" srcset=\"https:\/\/www.malescot.com\/file\/2020\/10\/marie_khan-caballier.jpg 1280w, https:\/\/www.malescot.com\/file\/2020\/10\/marie_khan-caballier-300x248.jpg 300w, https:\/\/www.malescot.com\/file\/2020\/10\/marie_khan-caballier-1024x848.jpg 1024w, https:\/\/www.malescot.com\/file\/2020\/10\/marie_khan-caballier-768x636.jpg 768w, https:\/\/www.malescot.com\/file\/2020\/10\/marie_khan-caballier-1200x994.jpg 1200w\" sizes=\"auto, (max-width: 709px) 85vw, (max-width: 909px) 67vw, (max-width: 1362px) 62vw, 840px\" \/><\/p>\n<p class=\"nom\">Marie Khan-Chaballier<br \/>\n<em>Cellarmaster<\/em><\/p>\n<\/div>\n<\/div>\n","protected":false},"excerpt":{"rendered":"<p>Crafting four grape varieties into a great wine Malescot is blended from four grape varieties: Cabernet Sauvignon, Merlot, Cabernet Franc and Petit Verdot. They all fully express their own unique characteristics and how they blend together so perfectly. They are grown in various parts of the vineyard, depending on the different soil structures and types. &hellip; <a href=\"https:\/\/www.malescot.com\/en\/winegrowing-making\/\" class=\"more-link\">Continue reading<span class=\"screen-reader-text\"> &#8220;Growing &amp; Making the wines&#8221;<\/span><\/a><\/p>\n","protected":false},"author":1,"featured_media":0,"parent":0,"menu_order":0,"comment_status":"closed","ping_status":"closed","template":"","meta":{"_acf_changed":false,"footnotes":""},"class_list":["post-433","page","type-page","status-publish","hentry"],"acf":[],"yoast_head":"<!-- This site is optimized with the Yoast SEO plugin v27.5 - https:\/\/yoast.com\/product\/yoast-seo-wordpress\/ -->\n<title>Growing &amp; Making the wines - Ch\u00e2teau Malescot Saint-Exup\u00e9ry<\/title>\n<meta name=\"robots\" content=\"index, follow, max-snippet:-1, max-image-preview:large, max-video-preview:-1\" \/>\n<link rel=\"canonical\" href=\"https:\/\/www.malescot.com\/en\/winegrowing-making\/\" \/>\n<meta property=\"og:locale\" content=\"en_US\" \/>\n<meta property=\"og:type\" content=\"article\" \/>\n<meta property=\"og:title\" content=\"Growing &amp; Making the wines - Ch\u00e2teau Malescot Saint-Exup\u00e9ry\" \/>\n<meta property=\"og:description\" content=\"Crafting four grape varieties into a great wine Malescot is blended from four grape varieties: Cabernet Sauvignon, Merlot, Cabernet Franc and Petit Verdot. They all fully express their own unique characteristics and how they blend together so perfectly. They are grown in various parts of the vineyard, depending on the different soil structures and types. &hellip; Continue reading &quot;Growing &amp; Making the wines&quot;\" \/>\n<meta property=\"og:url\" content=\"https:\/\/www.malescot.com\/en\/winegrowing-making\/\" \/>\n<meta property=\"og:site_name\" content=\"Ch\u00e2teau Malescot Saint-Exup\u00e9ry\" \/>\n<meta property=\"article:modified_time\" content=\"2023-03-03T17:06:20+00:00\" \/>\n<meta property=\"og:image\" content=\"https:\/\/www.malescot.com\/file\/2021\/03\/cepages.jpg\" \/>\n<meta name=\"twitter:card\" content=\"summary_large_image\" \/>\n<meta name=\"twitter:label1\" content=\"Est. reading time\" \/>\n\t<meta name=\"twitter:data1\" content=\"1 minute\" \/>\n<script type=\"application\/ld+json\" class=\"yoast-schema-graph\">{\"@context\":\"https:\\\/\\\/schema.org\",\"@graph\":[{\"@type\":\"WebPage\",\"@id\":\"https:\\\/\\\/www.malescot.com\\\/en\\\/winegrowing-making\\\/\",\"url\":\"https:\\\/\\\/www.malescot.com\\\/en\\\/winegrowing-making\\\/\",\"name\":\"Growing &amp; Making the wines - Ch\u00e2teau Malescot Saint-Exup\u00e9ry\",\"isPartOf\":{\"@id\":\"https:\\\/\\\/www.malescot.com\\\/#website\"},\"primaryImageOfPage\":{\"@id\":\"https:\\\/\\\/www.malescot.com\\\/en\\\/winegrowing-making\\\/#primaryimage\"},\"image\":{\"@id\":\"https:\\\/\\\/www.malescot.com\\\/en\\\/winegrowing-making\\\/#primaryimage\"},\"thumbnailUrl\":\"https:\\\/\\\/www.malescot.com\\\/inc\\\/uploads\\\/2021\\\/03\\\/cepages.jpg\",\"datePublished\":\"2020-10-14T15:52:05+00:00\",\"dateModified\":\"2023-03-03T17:06:20+00:00\",\"breadcrumb\":{\"@id\":\"https:\\\/\\\/www.malescot.com\\\/en\\\/winegrowing-making\\\/#breadcrumb\"},\"inLanguage\":\"en-US\",\"potentialAction\":[{\"@type\":\"ReadAction\",\"target\":[\"https:\\\/\\\/www.malescot.com\\\/en\\\/winegrowing-making\\\/\"]}]},{\"@type\":\"ImageObject\",\"inLanguage\":\"en-US\",\"@id\":\"https:\\\/\\\/www.malescot.com\\\/en\\\/winegrowing-making\\\/#primaryimage\",\"url\":\"https:\\\/\\\/www.malescot.com\\\/inc\\\/uploads\\\/2021\\\/03\\\/cepages.jpg\",\"contentUrl\":\"https:\\\/\\\/www.malescot.com\\\/inc\\\/uploads\\\/2021\\\/03\\\/cepages.jpg\"},{\"@type\":\"BreadcrumbList\",\"@id\":\"https:\\\/\\\/www.malescot.com\\\/en\\\/winegrowing-making\\\/#breadcrumb\",\"itemListElement\":[{\"@type\":\"ListItem\",\"position\":1,\"name\":\"Accueil\",\"item\":\"https:\\\/\\\/www.malescot.com\\\/en\\\/\"},{\"@type\":\"ListItem\",\"position\":2,\"name\":\"Growing &amp; Making the wines\"}]},{\"@type\":\"WebSite\",\"@id\":\"https:\\\/\\\/www.malescot.com\\\/#website\",\"url\":\"https:\\\/\\\/www.malescot.com\\\/\",\"name\":\"Ch\u00e2teau Malescot Saint-Exup\u00e9ry\",\"description\":\"3\u00e8me Grand Cru Class\u00e9 de Margaux en 1855\",\"potentialAction\":[{\"@type\":\"SearchAction\",\"target\":{\"@type\":\"EntryPoint\",\"urlTemplate\":\"https:\\\/\\\/www.malescot.com\\\/?s={search_term_string}\"},\"query-input\":{\"@type\":\"PropertyValueSpecification\",\"valueRequired\":true,\"valueName\":\"search_term_string\"}}],\"inLanguage\":\"en-US\"}]}<\/script>\n<!-- \/ Yoast SEO plugin. -->","yoast_head_json":{"title":"Growing &amp; Making the wines - Ch\u00e2teau Malescot Saint-Exup\u00e9ry","robots":{"index":"index","follow":"follow","max-snippet":"max-snippet:-1","max-image-preview":"max-image-preview:large","max-video-preview":"max-video-preview:-1"},"canonical":"https:\/\/www.malescot.com\/en\/winegrowing-making\/","og_locale":"en_US","og_type":"article","og_title":"Growing &amp; Making the wines - Ch\u00e2teau Malescot Saint-Exup\u00e9ry","og_description":"Crafting four grape varieties into a great wine Malescot is blended from four grape varieties: Cabernet Sauvignon, Merlot, Cabernet Franc and Petit Verdot. They all fully express their own unique characteristics and how they blend together so perfectly. They are grown in various parts of the vineyard, depending on the different soil structures and types. &hellip; Continue reading \"Growing &amp; Making the wines\"","og_url":"https:\/\/www.malescot.com\/en\/winegrowing-making\/","og_site_name":"Ch\u00e2teau Malescot Saint-Exup\u00e9ry","article_modified_time":"2023-03-03T17:06:20+00:00","og_image":[{"url":"https:\/\/www.malescot.com\/file\/2021\/03\/cepages.jpg","type":"","width":"","height":""}],"twitter_card":"summary_large_image","twitter_misc":{"Est. reading time":"1 minute"},"schema":{"@context":"https:\/\/schema.org","@graph":[{"@type":"WebPage","@id":"https:\/\/www.malescot.com\/en\/winegrowing-making\/","url":"https:\/\/www.malescot.com\/en\/winegrowing-making\/","name":"Growing &amp; Making the wines - Ch\u00e2teau Malescot Saint-Exup\u00e9ry","isPartOf":{"@id":"https:\/\/www.malescot.com\/#website"},"primaryImageOfPage":{"@id":"https:\/\/www.malescot.com\/en\/winegrowing-making\/#primaryimage"},"image":{"@id":"https:\/\/www.malescot.com\/en\/winegrowing-making\/#primaryimage"},"thumbnailUrl":"https:\/\/www.malescot.com\/file\/2021\/03\/cepages.jpg","datePublished":"2020-10-14T15:52:05+00:00","dateModified":"2023-03-03T17:06:20+00:00","breadcrumb":{"@id":"https:\/\/www.malescot.com\/en\/winegrowing-making\/#breadcrumb"},"inLanguage":"en-US","potentialAction":[{"@type":"ReadAction","target":["https:\/\/www.malescot.com\/en\/winegrowing-making\/"]}]},{"@type":"ImageObject","inLanguage":"en-US","@id":"https:\/\/www.malescot.com\/en\/winegrowing-making\/#primaryimage","url":"https:\/\/www.malescot.com\/file\/2021\/03\/cepages.jpg","contentUrl":"https:\/\/www.malescot.com\/file\/2021\/03\/cepages.jpg"},{"@type":"BreadcrumbList","@id":"https:\/\/www.malescot.com\/en\/winegrowing-making\/#breadcrumb","itemListElement":[{"@type":"ListItem","position":1,"name":"Accueil","item":"https:\/\/www.malescot.com\/en\/"},{"@type":"ListItem","position":2,"name":"Growing &amp; Making the wines"}]},{"@type":"WebSite","@id":"https:\/\/www.malescot.com\/#website","url":"https:\/\/www.malescot.com\/","name":"Ch\u00e2teau Malescot Saint-Exup\u00e9ry","description":"3\u00e8me Grand Cru Class\u00e9 de Margaux en 1855","potentialAction":[{"@type":"SearchAction","target":{"@type":"EntryPoint","urlTemplate":"https:\/\/www.malescot.com\/?s={search_term_string}"},"query-input":{"@type":"PropertyValueSpecification","valueRequired":true,"valueName":"search_term_string"}}],"inLanguage":"en-US"}]}},"_links":{"self":[{"href":"https:\/\/www.malescot.com\/en\/wp-json\/wp\/v2\/pages\/433","targetHints":{"allow":["GET"]}}],"collection":[{"href":"https:\/\/www.malescot.com\/en\/wp-json\/wp\/v2\/pages"}],"about":[{"href":"https:\/\/www.malescot.com\/en\/wp-json\/wp\/v2\/types\/page"}],"author":[{"embeddable":true,"href":"https:\/\/www.malescot.com\/en\/wp-json\/wp\/v2\/users\/1"}],"replies":[{"embeddable":true,"href":"https:\/\/www.malescot.com\/en\/wp-json\/wp\/v2\/comments?post=433"}],"version-history":[{"count":0,"href":"https:\/\/www.malescot.com\/en\/wp-json\/wp\/v2\/pages\/433\/revisions"}],"wp:attachment":[{"href":"https:\/\/www.malescot.com\/en\/wp-json\/wp\/v2\/media?parent=433"}],"curies":[{"name":"wp","href":"https:\/\/api.w.org\/{rel}","templated":true}]}}